{"id":31635,"date":"2023-08-24T16:19:15","date_gmt":"2023-08-24T20:19:15","guid":{"rendered":"https:\/\/spence-chapin.org\/?page_id=31635"},"modified":"2023-08-24T16:19:39","modified_gmt":"2023-08-24T20:19:39","slug":"imagina-apoyo","status":"publish","type":"page","link":"https:\/\/spence-chapin.org\/es\/imagine-support\/","title":{"rendered":"Imagine Support Page"},"content":{"rendered":"\t\t<div data-elementor-type=\"wp-page\" data-elementor-id=\"31635\" class=\"elementor elementor-31635\" data-elementor-post-type=\"page\">\n\t\t\t\t\t\t<section class=\"elementor-section elementor-top-section elementor-element elementor-element-230943b9 elementor-section-full_width elementor-section-height-min-height elementor-section-height-default elementor-section-items-middle\" data-id=\"230943b9\" data-element_type=\"section\" data-e-type=\"section\" data-settings=\"{&quot;background_background&quot;:&quot;classic&quot;}\">\n\t\t\t\t\t\t<div class=\"elementor-container elementor-column-gap-default\">\n\t\t\t\t\t<div class=\"elementor-column elementor-col-100 elementor-top-column elementor-element elementor-element-2551cd93\" data-id=\"2551cd93\" data-element_type=\"column\" data-e-type=\"column\">\n\t\t\t<div class=\"elementor-widget-wrap elementor-element-populated\">\n\t\t\t\t\t\t<div class=\"elementor-element elementor-element-119e545f elementor-shape-circle elementor-widget__width-initial elementor-widget-mobile__width-inherit elementor-absolute elementor-hidden-desktop elementor-hidden-tablet elementor-hidden-mobile elementor-grid-0 e-grid-align-center elementor-widget elementor-widget-global elementor-global-635 elementor-widget-social-icons\" data-id=\"119e545f\" data-element_type=\"widget\" data-e-type=\"widget\" data-settings=\"{&quot;_position&quot;:&quot;absolute&quot;}\" data-widget_type=\"social-icons.default\">\n\t\t\t\t<div class=\"elementor-widget-container\">\n\t\t\t\t\t\t\t<div class=\"elementor-social-icons-wrapper elementor-grid\" role=\"list\">\n\t\t\t\t\t\t\t<span class=\"elementor-grid-item\" role=\"listitem\">\n\t\t\t\t\t<a class=\"elementor-icon elementor-social-icon elementor-social-icon-facebook-f elementor-repeater-item-24ea070\" href=\"http:\/\/[sc%20name=Facebook]\" target=\"_blank\">\n\t\t\t\t\t\t<span class=\"elementor-screen-only\">Facebook-f<\/span>\n\t\t\t\t\t\t<i aria-hidden=\"true\" class=\"fab fa-facebook-f\"><\/i>\t\t\t\t\t<\/a>\n\t\t\t\t<\/span>\n\t\t\t\t\t\t\t<span class=\"elementor-grid-item\" role=\"listitem\">\n\t\t\t\t\t<a class=\"elementor-icon elementor-social-icon elementor-social-icon-twitter elementor-repeater-item-495d8fe\" href=\"http:\/\/[sc%20name=Twitter]\" target=\"_blank\">\n\t\t\t\t\t\t<span class=\"elementor-screen-only\">Twitter<\/span>\n\t\t\t\t\t\t<i aria-hidden=\"true\" class=\"fab fa-twitter\"><\/i>\t\t\t\t\t<\/a>\n\t\t\t\t<\/span>\n\t\t\t\t\t\t\t<span class=\"elementor-grid-item\" role=\"listitem\">\n\t\t\t\t\t<a class=\"elementor-icon elementor-social-icon elementor-social-icon-instagram elementor-repeater-item-7319d83\" href=\"http:\/\/[sc%20name=Instagram]\" target=\"_blank\">\n\t\t\t\t\t\t<span class=\"elementor-screen-only\">Instagram<\/span>\n\t\t\t\t\t\t<i aria-hidden=\"true\" class=\"fab fa-instagram\"><\/i>\t\t\t\t\t<\/a>\n\t\t\t\t<\/span>\n\t\t\t\t\t\t\t<span class=\"elementor-grid-item\" role=\"listitem\">\n\t\t\t\t\t<a class=\"elementor-icon elementor-social-icon elementor-social-icon-youtube elementor-repeater-item-6aeb762\" href=\"https:\/\/www.youtube.com\/@spencechapinsvc\" target=\"_blank\">\n\t\t\t\t\t\t<span class=\"elementor-screen-only\">Youtube<\/span>\n\t\t\t\t\t\t<i aria-hidden=\"true\" class=\"fab fa-youtube\"><\/i>\t\t\t\t\t<\/a>\n\t\t\t\t<\/span>\n\t\t\t\t\t<\/div>\n\t\t\t\t\t\t<\/div>\n\t\t\t\t<\/div>\n\t\t\t\t\t<\/div>\n\t\t<\/div>\n\t\t\t\t\t<\/div>\n\t\t<\/section>\n\t\t\t\t<section class=\"elementor-section elementor-top-section elementor-element elementor-element-4665a66e elementor-section-boxed elementor-section-height-default elementor-section-height-default\" data-id=\"4665a66e\" data-element_type=\"section\" data-e-type=\"section\">\n\t\t\t\t\t\t<div class=\"elementor-container elementor-column-gap-default\">\n\t\t\t\t\t<div class=\"elementor-column elementor-col-100 elementor-top-column elementor-element elementor-element-7bf56bd9\" data-id=\"7bf56bd9\" data-element_type=\"column\" data-e-type=\"column\">\n\t\t\t<div class=\"elementor-widget-wrap elementor-element-populated\">\n\t\t\t\t\t\t<div class=\"elementor-element elementor-element-6a8a1dcd elementor-widget elementor-widget-spacer\" data-id=\"6a8a1dcd\" data-element_type=\"widget\" data-e-type=\"widget\" data-widget_type=\"spacer.default\">\n\t\t\t\t<div class=\"elementor-widget-container\">\n\t\t\t\t\t\t\t<div class=\"elementor-spacer\">\n\t\t\t<div class=\"elementor-spacer-inner\"><\/div>\n\t\t<\/div>\n\t\t\t\t\t\t<\/div>\n\t\t\t\t<\/div>\n\t\t\t\t<div class=\"elementor-element elementor-element-156b3a1 elementor-widget elementor-widget-image\" data-id=\"156b3a1\" data-element_type=\"widget\" data-e-type=\"widget\" data-widget_type=\"image.default\">\n\t\t\t\t<div class=\"elementor-widget-container\">\n\t\t\t\t\t\t\t\t\t\t\t\t\t\t\t<img fetchpriority=\"high\" decoding=\"async\" width=\"800\" height=\"296\" src=\"https:\/\/spence-chapin.org\/wp-content\/uploads\/2023\/08\/ImagineBanner2.png\" class=\"attachment-large size-large wp-image-31531\" alt=\"ImagineBanner2\" srcset=\"https:\/\/spence-chapin.org\/wp-content\/uploads\/2023\/08\/ImagineBanner2.png 851w, https:\/\/spence-chapin.org\/wp-content\/uploads\/2023\/08\/ImagineBanner2-300x111.png 300w, https:\/\/spence-chapin.org\/wp-content\/uploads\/2023\/08\/ImagineBanner2-768x284.png 768w, https:\/\/spence-chapin.org\/wp-content\/uploads\/2023\/08\/ImagineBanner2-600x222.png 600w\" sizes=\"(max-width: 800px) 100vw, 800px\" \/>\t\t\t\t\t\t\t\t\t\t\t\t\t\t\t<\/div>\n\t\t\t\t<\/div>\n\t\t\t\t<div class=\"elementor-element elementor-element-48060be elementor-widget elementor-widget-shortcode\" data-id=\"48060be\" data-element_type=\"widget\" data-e-type=\"widget\" data-widget_type=\"shortcode.default\">\n\t\t\t\t<div class=\"elementor-widget-container\">\n\t\t\t\t\t\t\t<div class=\"elementor-shortcode\"><div class=\"give-embed-form-wrapper\" id=\"give-69e93985bbe0a\"><iframe\n\t\t\t\tname=\"give-embed-form\"\n\t\t\t\tsrc=\"https:\/\/spence-chapin.org\/es\/give\/nursery?giveDonationFormInIframe=1\"\n\t\t\t\t\n\t\t\t\tdata-autoScroll=\"0\"\n\t\t\t\tonload=\"if( 'undefined' !== typeof Give ) { Give.initializeIframeResize(this) }\"\n\t\t\t\tstyle=\"border: 0;visibility: hidden;min-height: 600px;\"><\/iframe><div class=\"iframe-loader\">\n<div style=\"\n        height: 100%;\n        width: 100%;\n        display: flex;\n        align-items: center;\n        justify-content: center;\n    \">\n    <div style=\"\n        pointer-events: none;\n        height: 90px;\n        width: 90px;\n        background-image: url(&quot;data:image\/svg+xml;charset=utf8,%3C?xml version='1.0' encoding='utf-8'?%3E%3C!-- Generator: Adobe Illustrator 24.1.0, SVG Export Plug-In . SVG Version: 6.00 Build 0) --%3E%3Csvg version='1.1' id='Layer_1' xmlns='http:\/\/www.w3.org\/2000\/svg' xmlns:xlink='http:\/\/www.w3.org\/1999\/xlink' x='0px' y='0px' viewBox='0 0 349 348' style='enable-background:new 0 0 349 348;' xml:space='preserve'%3E%3Cstyle type='text\/css'%3E .st0{fill:%231E8CBE;} %3C\/style%3E%3Cpath class='st0' d='M25.1,204.57c-13.38,0-24.47-10.6-24.97-24.08C0.04,178.09,0,175.97,0,174C0,77.78,78.28-0.5,174.5-0.5 c13.81,0,25,11.19,25,25s-11.19,25-25,25C105.85,49.5,50,105.35,50,174c0,1.37,0.03,2.85,0.1,4.65c0.51,13.8-10.27,25.39-24.07,25.9 C25.72,204.56,25.41,204.57,25.1,204.57z'\/%3E%3Cpath class='st0' d='M174.5,348.5c-13.81,0-25-11.19-25-25c0-13.81,11.19-25,25-25c68.65,0,124.5-55.85,124.5-124.5 c0-1.38-0.03-2.85-0.1-4.65c-0.51-13.8,10.26-25.4,24.06-25.91c13.83-0.53,25.4,10.26,25.91,24.06c0.09,2.39,0.13,4.51,0.13,6.49 C349,270.22,270.72,348.5,174.5,348.5z'\/%3E%3C\/svg%3E&quot;);\n        animation: spin 0.6s linear infinite;\n        \"><\/div>\n<\/div>\n<\/div><\/div><\/div>\n\t\t\t\t\t\t<\/div>\n\t\t\t\t<\/div>\n\t\t\t\t<div class=\"elementor-element elementor-element-28d116fe elementor-widget elementor-widget-spacer\" data-id=\"28d116fe\" data-element_type=\"widget\" data-e-type=\"widget\" data-widget_type=\"spacer.default\">\n\t\t\t\t<div class=\"elementor-widget-container\">\n\t\t\t\t\t\t\t<div class=\"elementor-spacer\">\n\t\t\t<div class=\"elementor-spacer-inner\"><\/div>\n\t\t<\/div>\n\t\t\t\t\t\t<\/div>\n\t\t\t\t<\/div>\n\t\t\t\t<div class=\"elementor-element elementor-element-2fffa51d elementor-widget-divider--view-line elementor-widget elementor-widget-divider\" data-id=\"2fffa51d\" data-element_type=\"widget\" data-e-type=\"widget\" data-widget_type=\"divider.default\">\n\t\t\t\t<div class=\"elementor-widget-container\">\n\t\t\t\t\t\t\t<div class=\"elementor-divider\">\n\t\t\t<span class=\"elementor-divider-separator\">\n\t\t\t\t\t\t<\/span>\n\t\t<\/div>\n\t\t\t\t\t\t<\/div>\n\t\t\t\t<\/div>\n\t\t\t\t<div class=\"elementor-element elementor-element-b46c616 elementor-widget elementor-widget-spacer\" data-id=\"b46c616\" data-element_type=\"widget\" data-e-type=\"widget\" data-widget_type=\"spacer.default\">\n\t\t\t\t<div class=\"elementor-widget-container\">\n\t\t\t\t\t\t\t<div class=\"elementor-spacer\">\n\t\t\t<div class=\"elementor-spacer-inner\"><\/div>\n\t\t<\/div>\n\t\t\t\t\t\t<\/div>\n\t\t\t\t<\/div>\n\t\t\t\t\t<\/div>\n\t\t<\/div>\n\t\t\t\t\t<\/div>\n\t\t<\/section>\n\t\t\t\t<\/div>\n\t\t","protected":false},"excerpt":{"rendered":"<p>Facebook-f Twitter Instagram Youtube<\/p>","protected":false},"author":4,"featured_media":0,"parent":0,"menu_order":0,"comment_status":"closed","ping_status":"closed","template":"elementor_header_footer","meta":{"_acf_changed":false,"give_campaign_id":0,"footnotes":""},"class_list":["post-31635","page","type-page","status-publish","hentry"],"acf":[],"yoast_head":"<!-- This site is optimized with the Yoast SEO plugin v27.2 - https:\/\/yoast.com\/product\/yoast-seo-wordpress\/ -->\n<title>Imagine | Baby Clothing and Supply Store | Spence-Chapin<\/title>\n<meta name=\"description\" content=\"Imagine is a donor-supported and sustained baby clothing and supplies store that offers new, beautiful items for free to the mothers and babies we serve. It is also a storefront that is open to the public, where proceeds not only fund the items donated to new mothers, but also fund the counseling and other support services they receive fromSpence-Chapin, including temporary respite care for their newborns, scholarship funds, housing assistance, job training workshops, and so much more.\" \/>\n<meta name=\"robots\" content=\"index, follow, max-snippet:-1, max-image-preview:large, max-video-preview:-1\" \/>\n<link rel=\"canonical\" href=\"https:\/\/spence-chapin.org\/es\/imagina-apoyo\/\" \/>\n<meta property=\"og:locale\" content=\"es_MX\" \/>\n<meta property=\"og:type\" content=\"article\" \/>\n<meta property=\"og:title\" content=\"Imagine | Baby Clothing and Supply Store | Spence-Chapin\" \/>\n<meta property=\"og:description\" content=\"Imagine is a donor-supported and sustained baby clothing and supplies store that offers new, beautiful items for free to the mothers and babies we serve. It is also a storefront that is open to the public, where proceeds not only fund the items donated to new mothers, but also fund the counseling and other support services they receive fromSpence-Chapin, including temporary respite care for their newborns, scholarship funds, housing assistance, job training workshops, and so much more.\" \/>\n<meta property=\"og:url\" content=\"https:\/\/spence-chapin.org\/es\/imagina-apoyo\/\" \/>\n<meta property=\"og:site_name\" content=\"Spence-Chapin\" \/>\n<meta property=\"article:modified_time\" content=\"2023-08-24T20:19:39+00:00\" \/>\n<meta property=\"og:image\" content=\"https:\/\/spence-chapin.org\/wp-content\/uploads\/2023\/08\/ImagineBanner2.png\" \/>\n<meta name=\"twitter:card\" content=\"summary_large_image\" \/>\n<meta name=\"twitter:label1\" content=\"Tiempo de lectura\" \/>\n\t<meta name=\"twitter:data1\" content=\"1 minuto\" \/>\n<!-- \/ Yoast SEO plugin. -->","yoast_head_json":{"title":"Imagina | Tienda de ropa y suministros para beb\u00e9s | Spence-Chapin","description":"Imagine es una tienda de ropa y suministros para beb\u00e9s sostenida y financiada por donantes que ofrece art\u00edculos nuevos y hermosos de forma gratuita a las madres y los beb\u00e9s a los que atendemos. Tambi\u00e9n es una tienda abierta al p\u00fablico, donde las ganancias no solo financian los art\u00edculos donados a las nuevas madres, sino tambi\u00e9n el asesoramiento y otros servicios de apoyo que reciben de Spence-Chapin, incluido el cuidado de relevo temporal para sus reci\u00e9n nacidos, fondos de becas, asistencia para vivienda, talleres de capacitaci\u00f3n laboral y mucho m\u00e1s.","robots":{"index":"index","follow":"follow","max-snippet":"max-snippet:-1","max-image-preview":"max-image-preview:large","max-video-preview":"max-video-preview:-1"},"canonical":"https:\/\/spence-chapin.org\/es\/imagina-apoyo\/","og_locale":"es_MX","og_type":"article","og_title":"Imagine | Baby Clothing and Supply Store | Spence-Chapin","og_description":"Imagine is a donor-supported and sustained baby clothing and supplies store that offers new, beautiful items for free to the mothers and babies we serve. It is also a storefront that is open to the public, where proceeds not only fund the items donated to new mothers, but also fund the counseling and other support services they receive fromSpence-Chapin, including temporary respite care for their newborns, scholarship funds, housing assistance, job training workshops, and so much more.","og_url":"https:\/\/spence-chapin.org\/es\/imagina-apoyo\/","og_site_name":"Spence-Chapin","article_modified_time":"2023-08-24T20:19:39+00:00","og_image":[{"url":"https:\/\/spence-chapin.org\/wp-content\/uploads\/2023\/08\/ImagineBanner2.png","type":"","width":"","height":""}],"twitter_card":"summary_large_image","twitter_misc":{"Tiempo de lectura":"1 minuto"},"schema":{"@context":"https:\/\/schema.org","@graph":[{"@type":"WebPage","@id":"https:\/\/spence-chapin.org\/imagine-support\/","url":"https:\/\/spence-chapin.org\/imagine-support\/","name":"Imagina | Tienda de ropa y suministros para beb\u00e9s | Spence-Chapin","isPartOf":{"@id":"https:\/\/spence-chapin.org\/#website"},"primaryImageOfPage":{"@id":"https:\/\/spence-chapin.org\/imagine-support\/#primaryimage"},"image":{"@id":"https:\/\/spence-chapin.org\/imagine-support\/#primaryimage"},"thumbnailUrl":"https:\/\/spence-chapin.org\/wp-content\/uploads\/2023\/08\/ImagineBanner2.png","datePublished":"2023-08-24T20:19:15+00:00","dateModified":"2023-08-24T20:19:39+00:00","description":"Imagine es una tienda de ropa y suministros para beb\u00e9s sostenida y financiada por donantes que ofrece art\u00edculos nuevos y hermosos de forma gratuita a las madres y los beb\u00e9s a los que atendemos. Tambi\u00e9n es una tienda abierta al p\u00fablico, donde las ganancias no solo financian los art\u00edculos donados a las nuevas madres, sino tambi\u00e9n el asesoramiento y otros servicios de apoyo que reciben de Spence-Chapin, incluido el cuidado de relevo temporal para sus reci\u00e9n nacidos, fondos de becas, asistencia para vivienda, talleres de capacitaci\u00f3n laboral y mucho m\u00e1s.","breadcrumb":{"@id":"https:\/\/spence-chapin.org\/imagine-support\/#breadcrumb"},"inLanguage":"es","potentialAction":[{"@type":"ReadAction","target":["https:\/\/spence-chapin.org\/imagine-support\/"]}]},{"@type":"ImageObject","inLanguage":"es","@id":"https:\/\/spence-chapin.org\/imagine-support\/#primaryimage","url":"https:\/\/spence-chapin.org\/wp-content\/uploads\/2023\/08\/ImagineBanner2.png","contentUrl":"https:\/\/spence-chapin.org\/wp-content\/uploads\/2023\/08\/ImagineBanner2.png"},{"@type":"BreadcrumbList","@id":"https:\/\/spence-chapin.org\/imagine-support\/#breadcrumb","itemListElement":[{"@type":"ListItem","position":1,"name":"Home","item":"https:\/\/spence-chapin.org\/"},{"@type":"ListItem","position":2,"name":"Imagine Support Page"}]},{"@type":"WebSite","@id":"https:\/\/spence-chapin.org\/#website","url":"https:\/\/spence-chapin.org\/","name":"Spence-Chapin","description":"Servicios para familias y ni\u00f1os","publisher":{"@id":"https:\/\/spence-chapin.org\/#organization"},"potentialAction":[{"@type":"SearchAction","target":{"@type":"EntryPoint","urlTemplate":"https:\/\/spence-chapin.org\/?s={search_term_string}"},"query-input":{"@type":"PropertyValueSpecification","valueRequired":true,"valueName":"search_term_string"}}],"inLanguage":"es"},{"@type":"Organization","@id":"https:\/\/spence-chapin.org\/#organization","name":"Spence-Chapin","url":"https:\/\/spence-chapin.org\/","logo":{"@type":"ImageObject","inLanguage":"es","@id":"https:\/\/spence-chapin.org\/#\/schema\/logo\/image\/","url":"https:\/\/spence-chapin.org\/wp-content\/uploads\/2019\/10\/SC_logo_2019_color-2.png","contentUrl":"https:\/\/spence-chapin.org\/wp-content\/uploads\/2019\/10\/SC_logo_2019_color-2.png","width":273,"height":42,"caption":"Spence-Chapin"},"image":{"@id":"https:\/\/spence-chapin.org\/#\/schema\/logo\/image\/"}}]}},"campaignId":"","_links":{"self":[{"href":"https:\/\/spence-chapin.org\/es\/wp-json\/wp\/v2\/pages\/31635","targetHints":{"allow":["GET"]}}],"collection":[{"href":"https:\/\/spence-chapin.org\/es\/wp-json\/wp\/v2\/pages"}],"about":[{"href":"https:\/\/spence-chapin.org\/es\/wp-json\/wp\/v2\/types\/page"}],"author":[{"embeddable":true,"href":"https:\/\/spence-chapin.org\/es\/wp-json\/wp\/v2\/users\/4"}],"replies":[{"embeddable":true,"href":"https:\/\/spence-chapin.org\/es\/wp-json\/wp\/v2\/comments?post=31635"}],"version-history":[{"count":0,"href":"https:\/\/spence-chapin.org\/es\/wp-json\/wp\/v2\/pages\/31635\/revisions"}],"wp:attachment":[{"href":"https:\/\/spence-chapin.org\/es\/wp-json\/wp\/v2\/media?parent=31635"}],"curies":[{"name":"wp","href":"https:\/\/api.w.org\/{rel}","templated":true}]}}