{"id":781,"date":"2019-10-18T01:46:36","date_gmt":"2019-10-17T13:46:36","guid":{"rendered":"https:\/\/spence-chapin.jberrydesign.com\/?page_id=781"},"modified":"2026-04-13T16:11:39","modified_gmt":"2026-04-13T20:11:39","slug":"louise-clientes-sabios","status":"publish","type":"page","link":"https:\/\/spence-chapin.org\/es\/louise-wise-clients\/","title":{"rendered":"Louise Wise Clientes"},"content":{"rendered":"\t\t<div data-elementor-type=\"wp-page\" data-elementor-id=\"781\" class=\"elementor elementor-781\" data-elementor-post-type=\"page\">\n\t\t\t\t\t\t<section class=\"elementor-section elementor-top-section elementor-element elementor-element-7d78731d elementor-section-full_width elementor-section-height-min-height elementor-section-height-default elementor-section-items-middle\" data-id=\"7d78731d\" data-element_type=\"section\" data-e-type=\"section\" data-settings=\"{&quot;background_background&quot;:&quot;classic&quot;}\">\n\t\t\t\t\t\t<div class=\"elementor-container elementor-column-gap-default\">\n\t\t\t\t\t<div class=\"elementor-column elementor-col-100 elementor-top-column elementor-element elementor-element-6e41fb2\" data-id=\"6e41fb2\" data-element_type=\"column\" data-e-type=\"column\">\n\t\t\t<div class=\"elementor-widget-wrap elementor-element-populated\">\n\t\t\t\t\t\t<div class=\"elementor-element elementor-element-4b9fd437 elementor-shape-circle elementor-widget__width-initial elementor-widget-mobile__width-inherit elementor-absolute elementor-hidden-desktop elementor-hidden-tablet elementor-hidden-mobile elementor-grid-0 e-grid-align-center elementor-widget elementor-widget-global elementor-global-635 elementor-widget-social-icons\" data-id=\"4b9fd437\" data-element_type=\"widget\" data-e-type=\"widget\" data-settings=\"{&quot;_position&quot;:&quot;absolute&quot;}\" data-widget_type=\"social-icons.default\">\n\t\t\t\t<div class=\"elementor-widget-container\">\n\t\t\t\t\t\t\t<div class=\"elementor-social-icons-wrapper elementor-grid\" role=\"list\">\n\t\t\t\t\t\t\t<span class=\"elementor-grid-item\" role=\"listitem\">\n\t\t\t\t\t<a class=\"elementor-icon elementor-social-icon elementor-social-icon-facebook-f elementor-repeater-item-24ea070\" href=\"http:\/\/[sc%20name=Facebook]\" target=\"_blank\">\n\t\t\t\t\t\t<span class=\"elementor-screen-only\">Facebook-f<\/span>\n\t\t\t\t\t\t<i aria-hidden=\"true\" class=\"fab fa-facebook-f\"><\/i>\t\t\t\t\t<\/a>\n\t\t\t\t<\/span>\n\t\t\t\t\t\t\t<span class=\"elementor-grid-item\" role=\"listitem\">\n\t\t\t\t\t<a class=\"elementor-icon elementor-social-icon elementor-social-icon-twitter elementor-repeater-item-495d8fe\" href=\"http:\/\/[sc%20name=Twitter]\" target=\"_blank\">\n\t\t\t\t\t\t<span class=\"elementor-screen-only\">Twitter<\/span>\n\t\t\t\t\t\t<i aria-hidden=\"true\" class=\"fab fa-twitter\"><\/i>\t\t\t\t\t<\/a>\n\t\t\t\t<\/span>\n\t\t\t\t\t\t\t<span class=\"elementor-grid-item\" role=\"listitem\">\n\t\t\t\t\t<a class=\"elementor-icon elementor-social-icon elementor-social-icon-instagram elementor-repeater-item-7319d83\" href=\"http:\/\/[sc%20name=Instagram]\" target=\"_blank\">\n\t\t\t\t\t\t<span class=\"elementor-screen-only\">Instagram<\/span>\n\t\t\t\t\t\t<i aria-hidden=\"true\" class=\"fab fa-instagram\"><\/i>\t\t\t\t\t<\/a>\n\t\t\t\t<\/span>\n\t\t\t\t\t\t\t<span class=\"elementor-grid-item\" role=\"listitem\">\n\t\t\t\t\t<a class=\"elementor-icon elementor-social-icon elementor-social-icon-youtube elementor-repeater-item-6aeb762\" href=\"https:\/\/www.youtube.com\/@spencechapinsvc\" target=\"_blank\">\n\t\t\t\t\t\t<span class=\"elementor-screen-only\">Youtube<\/span>\n\t\t\t\t\t\t<i aria-hidden=\"true\" class=\"fab fa-youtube\"><\/i>\t\t\t\t\t<\/a>\n\t\t\t\t<\/span>\n\t\t\t\t\t<\/div>\n\t\t\t\t\t\t<\/div>\n\t\t\t\t<\/div>\n\t\t\t\t\t<\/div>\n\t\t<\/div>\n\t\t\t\t\t<\/div>\n\t\t<\/section>\n\t\t\t\t<section class=\"elementor-section elementor-top-section elementor-element elementor-element-70a8c453 elementor-section-boxed elementor-section-height-default elementor-section-height-default\" data-id=\"70a8c453\" data-element_type=\"section\" data-e-type=\"section\">\n\t\t\t\t\t\t<div class=\"elementor-container elementor-column-gap-default\">\n\t\t\t\t\t<div class=\"elementor-column elementor-col-100 elementor-top-column elementor-element elementor-element-1f3de1cc\" data-id=\"1f3de1cc\" data-element_type=\"column\" data-e-type=\"column\">\n\t\t\t<div class=\"elementor-widget-wrap elementor-element-populated\">\n\t\t\t\t\t\t<div class=\"elementor-element elementor-element-1b03adb9 elementor-widget elementor-widget-spacer\" data-id=\"1b03adb9\" data-element_type=\"widget\" data-e-type=\"widget\" data-widget_type=\"spacer.default\">\n\t\t\t\t<div class=\"elementor-widget-container\">\n\t\t\t\t\t\t\t<div class=\"elementor-spacer\">\n\t\t\t<div class=\"elementor-spacer-inner\"><\/div>\n\t\t<\/div>\n\t\t\t\t\t\t<\/div>\n\t\t\t\t<\/div>\n\t\t\t\t<div class=\"elementor-element elementor-element-8d15571 elementor-widget elementor-widget-menu-anchor\" data-id=\"8d15571\" data-element_type=\"widget\" data-e-type=\"widget\" data-widget_type=\"menu-anchor.default\">\n\t\t\t\t<div class=\"elementor-widget-container\">\n\t\t\t\t\t\t\t<div class=\"elementor-menu-anchor\" id=\"louisewise\"><\/div>\n\t\t\t\t\t\t<\/div>\n\t\t\t\t<\/div>\n\t\t\t\t<div class=\"elementor-element elementor-element-221ed9e elementor-widget elementor-widget-heading\" data-id=\"221ed9e\" data-element_type=\"widget\" data-e-type=\"widget\" data-widget_type=\"heading.default\">\n\t\t\t\t<div class=\"elementor-widget-container\">\n\t\t\t\t\t<h1 class=\"elementor-heading-title elementor-size-default\">LOUISE WISE CLIENTS<\/h1>\t\t\t\t<\/div>\n\t\t\t\t<\/div>\n\t\t\t\t<div class=\"elementor-element elementor-element-9ae06ec elementor-widget elementor-widget-text-editor\" data-id=\"9ae06ec\" data-element_type=\"widget\" data-e-type=\"widget\" data-widget_type=\"text-editor.default\">\n\t\t\t\t<div class=\"elementor-widget-container\">\n\t\t\t\t\t\t\t\t\t<p>Post-Adoption Records and Resources support to Louise Wise Clients<\/p>\t\t\t\t\t\t\t\t<\/div>\n\t\t\t\t<\/div>\n\t\t\t\t<div class=\"elementor-element elementor-element-4a835a69 elementor-widget elementor-widget-text-editor\" data-id=\"4a835a69\" data-element_type=\"widget\" data-e-type=\"widget\" data-widget_type=\"text-editor.default\">\n\t\t\t\t<div class=\"elementor-widget-container\">\n\t\t\t\t\t\t\t\t\t<p>Spence-Chapin has been the custodian of Louise Wise adoption records since 2004.<\/p><p>Due to the generosity of The Louise Wise Fund, maintaining Louise Wise private adoption records and responding to inquiries regarding these private adoption records is a free service for eligible individuals who are connected to a Louise Wise adoption.<\/p><p>Spence-Chapin does not maintain Louise Wise foster care records. If you are a Louise Wise client who is seeking a foster care record, please contact the Administration for Children&#8217;s Services via email at <a href=\"mailto:ACSRecordRequests@acs.nyc.gov\">ACSRecordRequests@acs.nyc.gov<\/a>.<\/p><p>For support regarding Louise Wise adoption records, please contact the Louise Wise inquiry line at <a href=\"tel:(646) 864-4194\"><strong>(646) 864-4194<\/strong><\/a>.<\/p><p>Eligible individuals who are interested in receiving information from a Louise Wise adoption record may submit this\u00a0<a href=\"https:\/\/spence-chapin.org\/wp-content\/uploads\/2023\/08\/Louise-Wise-Post-Adoption-Application.pdf\" target=\"_blank\" rel=\"noopener\">application<\/a>. Applications must be printed, signed, and notarized. Please mail completed applications with proof of ID:<\/p><p>Spence-Chapin Services to Families and Children<\/p><p>120 East 16th Street, 11th Floor<br \/>New York, NY 10003<br \/>Attn: Post-Adoption Records, Louise Wise<\/p>\t\t\t\t\t\t\t\t<\/div>\n\t\t\t\t<\/div>\n\t\t\t\t<div class=\"elementor-element elementor-element-5e6bc6ef elementor-widget-divider--view-line elementor-widget elementor-widget-divider\" data-id=\"5e6bc6ef\" data-element_type=\"widget\" data-e-type=\"widget\" data-widget_type=\"divider.default\">\n\t\t\t\t<div class=\"elementor-widget-container\">\n\t\t\t\t\t\t\t<div class=\"elementor-divider\">\n\t\t\t<span class=\"elementor-divider-separator\">\n\t\t\t\t\t\t<\/span>\n\t\t<\/div>\n\t\t\t\t\t\t<\/div>\n\t\t\t\t<\/div>\n\t\t\t\t<div class=\"elementor-element elementor-element-4d1dfe54 elementor-widget elementor-widget-spacer\" data-id=\"4d1dfe54\" data-element_type=\"widget\" data-e-type=\"widget\" data-widget_type=\"spacer.default\">\n\t\t\t\t<div class=\"elementor-widget-container\">\n\t\t\t\t\t\t\t<div class=\"elementor-spacer\">\n\t\t\t<div class=\"elementor-spacer-inner\"><\/div>\n\t\t<\/div>\n\t\t\t\t\t\t<\/div>\n\t\t\t\t<\/div>\n\t\t\t\t\t<\/div>\n\t\t<\/div>\n\t\t\t\t\t<\/div>\n\t\t<\/section>\n\t\t\t\t<section class=\"elementor-section elementor-top-section elementor-element elementor-element-404620df elementor-section-boxed elementor-section-height-default elementor-section-height-default\" data-id=\"404620df\" data-element_type=\"section\" data-e-type=\"section\" data-settings=\"{&quot;background_background&quot;:&quot;classic&quot;}\">\n\t\t\t\t\t\t<div class=\"elementor-container elementor-column-gap-default\">\n\t\t\t\t\t<div class=\"elementor-column elementor-col-33 elementor-top-column elementor-element elementor-element-5732dc8a\" data-id=\"5732dc8a\" data-element_type=\"column\" data-e-type=\"column\">\n\t\t\t<div class=\"elementor-widget-wrap elementor-element-populated\">\n\t\t\t\t\t\t<div class=\"elementor-element elementor-element-590aa8cf elementor-widget elementor-widget-heading\" data-id=\"590aa8cf\" data-element_type=\"widget\" data-e-type=\"widget\" data-widget_type=\"heading.default\">\n\t\t\t\t<div class=\"elementor-widget-container\">\n\t\t\t\t\t<h4 class=\"elementor-heading-title elementor-size-default\">Who Can Apply<\/h4>\t\t\t\t<\/div>\n\t\t\t\t<\/div>\n\t\t\t\t\t<\/div>\n\t\t<\/div>\n\t\t\t\t<div class=\"elementor-column elementor-col-66 elementor-top-column elementor-element elementor-element-109b2b7b\" data-id=\"109b2b7b\" data-element_type=\"column\" data-e-type=\"column\">\n\t\t\t<div class=\"elementor-widget-wrap elementor-element-populated\">\n\t\t\t\t\t\t<div class=\"elementor-element elementor-element-48de99b3 elementor-widget elementor-widget-text-editor\" data-id=\"48de99b3\" data-element_type=\"widget\" data-e-type=\"widget\" data-widget_type=\"text-editor.default\">\n\t\t\t\t<div class=\"elementor-widget-container\">\n\t\t\t\t\t\t\t\t\t<ul><li>Adopted person 18 years and older<\/li><li>Birth Parent<\/li><li>Biological sibling of adopted person 18 years and older<\/li><\/ul><p>\u00a0<\/p><p>Please note that available information differs between client types. Please be advised that Spence-Chapin cannot share confidential information with anyone other than an approved applicant without proof of guardianship or power of attorney. Confidential information can only be discussed with approved applicants who have submitted an application and only after the approved applicant\u2019s identity has been verified. Even after application approval and identity verification has been complete, identifying information cannot be disclosed under most circumstances.<\/p><p>Adoption records in the State of New York are sealed and confidential in accordance with New York Domestic Relations Law section 114; and therefore, Spence-Chapin is legally bound and limited in the information we can provide. New York State Public Health Law section 4138-c only permits the release of certain non-identifying information. As specified by the law, adopted adult individuals are entitled to any known information about biological siblings at the time of the adoption. Spence-Chapin fully complies with the law and discloses any and all known information with regard to biological siblings contained in the adoption record.<\/p>\t\t\t\t\t\t\t\t<\/div>\n\t\t\t\t<\/div>\n\t\t\t\t\t<\/div>\n\t\t<\/div>\n\t\t\t\t\t<\/div>\n\t\t<\/section>\n\t\t\t\t<section class=\"elementor-section elementor-top-section elementor-element elementor-element-8440e68 elementor-section-boxed elementor-section-height-default elementor-section-height-default\" data-id=\"8440e68\" data-element_type=\"section\" data-e-type=\"section\">\n\t\t\t\t\t\t<div class=\"elementor-container elementor-column-gap-default\">\n\t\t\t\t\t<div class=\"elementor-column elementor-col-100 elementor-top-column elementor-element elementor-element-b01f552\" data-id=\"b01f552\" data-element_type=\"column\" data-e-type=\"column\">\n\t\t\t<div class=\"elementor-widget-wrap elementor-element-populated\">\n\t\t\t\t\t\t<div class=\"elementor-element elementor-element-e0835fa elementor-widget elementor-widget-spacer\" data-id=\"e0835fa\" data-element_type=\"widget\" data-e-type=\"widget\" data-widget_type=\"spacer.default\">\n\t\t\t\t<div class=\"elementor-widget-container\">\n\t\t\t\t\t\t\t<div class=\"elementor-spacer\">\n\t\t\t<div class=\"elementor-spacer-inner\"><\/div>\n\t\t<\/div>\n\t\t\t\t\t\t<\/div>\n\t\t\t\t<\/div>\n\t\t\t\t\t<\/div>\n\t\t<\/div>\n\t\t\t\t\t<\/div>\n\t\t<\/section>\n\t\t\t\t<section class=\"elementor-section elementor-top-section elementor-element elementor-element-236f9a9 elementor-section-boxed elementor-section-height-default elementor-section-height-default\" data-id=\"236f9a9\" data-element_type=\"section\" data-e-type=\"section\">\n\t\t\t\t\t\t<div class=\"elementor-container elementor-column-gap-default\">\n\t\t\t\t\t<div class=\"elementor-column elementor-col-33 elementor-top-column elementor-element elementor-element-904f756\" data-id=\"904f756\" data-element_type=\"column\" data-e-type=\"column\">\n\t\t\t<div class=\"elementor-widget-wrap elementor-element-populated\">\n\t\t\t\t\t\t<div class=\"elementor-element elementor-element-56c2bbc elementor-widget elementor-widget-heading\" data-id=\"56c2bbc\" data-element_type=\"widget\" data-e-type=\"widget\" data-widget_type=\"heading.default\">\n\t\t\t\t<div class=\"elementor-widget-container\">\n\t\t\t\t\t<h4 class=\"elementor-heading-title elementor-size-default\">Services\n<\/h4>\t\t\t\t<\/div>\n\t\t\t\t<\/div>\n\t\t\t\t\t<\/div>\n\t\t<\/div>\n\t\t\t\t<div class=\"elementor-column elementor-col-66 elementor-top-column elementor-element elementor-element-b4674af\" data-id=\"b4674af\" data-element_type=\"column\" data-e-type=\"column\">\n\t\t\t<div class=\"elementor-widget-wrap elementor-element-populated\">\n\t\t\t\t\t\t<div class=\"elementor-element elementor-element-6fd94e7 elementor-widget elementor-widget-text-editor\" data-id=\"6fd94e7\" data-element_type=\"widget\" data-e-type=\"widget\" data-widget_type=\"text-editor.default\">\n\t\t\t\t<div class=\"elementor-widget-container\">\n\t\t\t\t\t\t\t\t\t<p>Non-Identifying Information \u2013 Under NY and NJ law, Spence-Chapin, as an authorized\/licensed adoption agency and the legal custodian of Louise Wise Adoption Records, can provide certain individuals with a summary of non-identifying information from their adoption record. This may include social and medical background information.<\/p><p>Assistance with NYSAIR Registration \u2013 Persons eligible for NYSAIR (the New York State Adoption Information Registry) can apply directly to NYSAIR or can send their NYSAIR application to Spence-Chapin instead, who can then help expedite their request with NYSAIR.<\/p><p>NYSAIR applications can be found\u00a0<a href=\"https:\/\/www.health.ny.gov\/vital_records\/adoption.htm\" target=\"_blank\" rel=\"noopener\">here<\/a>.<\/p><p>Once Spence-Chapin forwards the NYSAIR application to the NYSAIR office on the client\u2019s behalf, NYSAIR will contact the client directly to confirm registration. If the client does not hear from NYSAIR within 4 months after receiving notice from Spence-Chapin that their NYSAIR application has been forwarded to the NYSAIR office, the client should contact NYSAIR directly.\u00a0 *Please note that a Louise Wise Post-Adoption application is required to process this request, which can be found <strong><a href=\"https:\/\/spence-chapin.org\/wp-content\/uploads\/2023\/08\/Louise-Wise-Post-Adoption-Application.pdf\">here<\/a>.<\/strong><\/p><p>Information on Search and Reunion &#8211; Spence-Chapin can provide a list of resources for search and reunion assistance. Spence-Chapin cannot endorse or guarantee the services of any third-party provider.<\/p><p>Other &#8211; For additional services related to an adoption record, such as verification or proof of an adoption, please indicate \u2018Other\u2019 on the <a href=\"http:\/\/www.spence-chapin.org\/louise-wise-clients\/#louisewise\"><strong>Louise Wise Post-Adoption application<\/strong><\/a><strong>.<\/strong><\/p><p>Note: Clients seeking emotional support may contact Spence-Chapin\u2019s Family &amp; Community Support Services at (646) 539-2167 or at <a href=\"mailto:postadoption@spence-chapin.org\">postadoption@spence-chapin.org<\/a> for more information on our <a href=\"https:\/\/spence-chapin.org\/therapy\/\">therapy<\/a> and <a href=\"https:\/\/spence-chapin.org\/therapy\/\">consultation<\/a> services.<\/p>\t\t\t\t\t\t\t\t<\/div>\n\t\t\t\t<\/div>\n\t\t\t\t\t<\/div>\n\t\t<\/div>\n\t\t\t\t\t<\/div>\n\t\t<\/section>\n\t\t\t\t<section class=\"elementor-section elementor-top-section elementor-element elementor-element-ca3bd7f elementor-section-boxed elementor-section-height-default elementor-section-height-default\" data-id=\"ca3bd7f\" data-element_type=\"section\" data-e-type=\"section\">\n\t\t\t\t\t\t<div class=\"elementor-container elementor-column-gap-default\">\n\t\t\t\t\t<div class=\"elementor-column elementor-col-100 elementor-top-column elementor-element elementor-element-54e21cb\" data-id=\"54e21cb\" data-element_type=\"column\" data-e-type=\"column\">\n\t\t\t<div class=\"elementor-widget-wrap elementor-element-populated\">\n\t\t\t\t\t\t<div class=\"elementor-element elementor-element-d16c1c9 elementor-widget elementor-widget-spacer\" data-id=\"d16c1c9\" data-element_type=\"widget\" data-e-type=\"widget\" data-widget_type=\"spacer.default\">\n\t\t\t\t<div class=\"elementor-widget-container\">\n\t\t\t\t\t\t\t<div class=\"elementor-spacer\">\n\t\t\t<div class=\"elementor-spacer-inner\"><\/div>\n\t\t<\/div>\n\t\t\t\t\t\t<\/div>\n\t\t\t\t<\/div>\n\t\t\t\t\t<\/div>\n\t\t<\/div>\n\t\t\t\t\t<\/div>\n\t\t<\/section>\n\t\t\t\t<\/div>\n\t\t","protected":false},"excerpt":{"rendered":"<p>Facebook-f Twitter Instagram Youtube LOUISE WISE CLIENTS Post-Adoption Records and Resources support to Louise Wise Clients Spence-Chapin has been the custodian of Louise Wise adoption records since 2004. Due to the generosity of The Louise Wise Fund, maintaining Louise Wise private adoption records and responding to inquiries regarding these private adoption records is a free [&hellip;]<\/p>\n","protected":false},"author":2,"featured_media":0,"parent":0,"menu_order":0,"comment_status":"closed","ping_status":"closed","template":"elementor_header_footer","meta":{"_acf_changed":false,"give_campaign_id":0,"footnotes":""},"class_list":["post-781","page","type-page","status-publish","hentry"],"acf":[],"yoast_head":"<!-- This site is optimized with the Yoast SEO plugin v27.4 - https:\/\/yoast.com\/product\/yoast-seo-wordpress\/ -->\n<title>Adoption Records &amp; Resources support to Louise Wise Clients | Spence-Chapin<\/title>\n<meta name=\"description\" content=\"Maintaining Louise Wise private adoption records and responding to inquiries regarding these private adoption records is a free service for eligible individuals who are connected to a Louise Wise adoption.\" \/>\n<meta name=\"robots\" content=\"index, follow, max-snippet:-1, max-image-preview:large, max-video-preview:-1\" \/>\n<link rel=\"canonical\" href=\"https:\/\/spence-chapin.org\/es\/louise-clientes-sabios\/\" \/>\n<meta property=\"og:locale\" content=\"es_MX\" \/>\n<meta property=\"og:type\" content=\"article\" \/>\n<meta property=\"og:title\" content=\"Adoption Records &amp; Resources support to Louise Wise Clients | Spence-Chapin\" \/>\n<meta property=\"og:description\" content=\"Maintaining Louise Wise private adoption records and responding to inquiries regarding these private adoption records is a free service for eligible individuals who are connected to a Louise Wise adoption.\" \/>\n<meta property=\"og:url\" content=\"https:\/\/spence-chapin.org\/es\/louise-clientes-sabios\/\" \/>\n<meta property=\"og:site_name\" content=\"Spence-Chapin\" \/>\n<meta property=\"article:modified_time\" content=\"2026-04-13T20:11:39+00:00\" \/>\n<meta name=\"twitter:card\" content=\"summary_large_image\" \/>\n<meta name=\"twitter:label1\" content=\"Tiempo de lectura\" \/>\n\t<meta name=\"twitter:data1\" content=\"3 minutos\" \/>\n<!-- \/ Yoast SEO plugin. -->","yoast_head_json":{"title":"Soporte de recursos y registros de adopci\u00f3n para los clientes de Louise Wise | Spence-Chapin","description":"Mantener los registros de adopci\u00f3n privados de Louise Wise y responder a las consultas relacionadas con estos registros de adopci\u00f3n privados es un servicio gratuito para personas elegibles que est\u00e1n conectadas a una adopci\u00f3n de Louise Wise.","robots":{"index":"index","follow":"follow","max-snippet":"max-snippet:-1","max-image-preview":"max-image-preview:large","max-video-preview":"max-video-preview:-1"},"canonical":"https:\/\/spence-chapin.org\/es\/louise-clientes-sabios\/","og_locale":"es_MX","og_type":"article","og_title":"Adoption Records & Resources support to Louise Wise Clients | Spence-Chapin","og_description":"Maintaining Louise Wise private adoption records and responding to inquiries regarding these private adoption records is a free service for eligible individuals who are connected to a Louise Wise adoption.","og_url":"https:\/\/spence-chapin.org\/es\/louise-clientes-sabios\/","og_site_name":"Spence-Chapin","article_modified_time":"2026-04-13T20:11:39+00:00","twitter_card":"summary_large_image","twitter_misc":{"Tiempo de lectura":"3 minutos"},"schema":{"@context":"https:\/\/schema.org","@graph":[{"@type":"WebPage","@id":"https:\/\/spence-chapin.org\/louise-wise-clients\/","url":"https:\/\/spence-chapin.org\/louise-wise-clients\/","name":"Soporte de recursos y registros de adopci\u00f3n para los clientes de Louise Wise | Spence-Chapin","isPartOf":{"@id":"https:\/\/spence-chapin.org\/#website"},"datePublished":"2019-10-17T13:46:36+00:00","dateModified":"2026-04-13T20:11:39+00:00","description":"Mantener los registros de adopci\u00f3n privados de Louise Wise y responder a las consultas relacionadas con estos registros de adopci\u00f3n privados es un servicio gratuito para personas elegibles que est\u00e1n conectadas a una adopci\u00f3n de Louise Wise.","breadcrumb":{"@id":"https:\/\/spence-chapin.org\/louise-wise-clients\/#breadcrumb"},"inLanguage":"es","potentialAction":[{"@type":"ReadAction","target":["https:\/\/spence-chapin.org\/louise-wise-clients\/"]}]},{"@type":"BreadcrumbList","@id":"https:\/\/spence-chapin.org\/louise-wise-clients\/#breadcrumb","itemListElement":[{"@type":"ListItem","position":1,"name":"Home","item":"https:\/\/spence-chapin.org\/"},{"@type":"ListItem","position":2,"name":"Louise Wise Clients"}]},{"@type":"WebSite","@id":"https:\/\/spence-chapin.org\/#website","url":"https:\/\/spence-chapin.org\/","name":"Spence-Chapin","description":"Servicios para familias y ni\u00f1os","publisher":{"@id":"https:\/\/spence-chapin.org\/#organization"},"potentialAction":[{"@type":"SearchAction","target":{"@type":"EntryPoint","urlTemplate":"https:\/\/spence-chapin.org\/?s={search_term_string}"},"query-input":{"@type":"PropertyValueSpecification","valueRequired":true,"valueName":"search_term_string"}}],"inLanguage":"es"},{"@type":"Organization","@id":"https:\/\/spence-chapin.org\/#organization","name":"Spence-Chapin","url":"https:\/\/spence-chapin.org\/","logo":{"@type":"ImageObject","inLanguage":"es","@id":"https:\/\/spence-chapin.org\/#\/schema\/logo\/image\/","url":"https:\/\/spence-chapin.org\/wp-content\/uploads\/2019\/10\/SC_logo_2019_color-2.png","contentUrl":"https:\/\/spence-chapin.org\/wp-content\/uploads\/2019\/10\/SC_logo_2019_color-2.png","width":273,"height":42,"caption":"Spence-Chapin"},"image":{"@id":"https:\/\/spence-chapin.org\/#\/schema\/logo\/image\/"}}]}},"campaignId":"","_links":{"self":[{"href":"https:\/\/spence-chapin.org\/es\/wp-json\/wp\/v2\/pages\/781","targetHints":{"allow":["GET"]}}],"collection":[{"href":"https:\/\/spence-chapin.org\/es\/wp-json\/wp\/v2\/pages"}],"about":[{"href":"https:\/\/spence-chapin.org\/es\/wp-json\/wp\/v2\/types\/page"}],"author":[{"embeddable":true,"href":"https:\/\/spence-chapin.org\/es\/wp-json\/wp\/v2\/users\/2"}],"replies":[{"embeddable":true,"href":"https:\/\/spence-chapin.org\/es\/wp-json\/wp\/v2\/comments?post=781"}],"version-history":[{"count":0,"href":"https:\/\/spence-chapin.org\/es\/wp-json\/wp\/v2\/pages\/781\/revisions"}],"wp:attachment":[{"href":"https:\/\/spence-chapin.org\/es\/wp-json\/wp\/v2\/media?parent=781"}],"curies":[{"name":"wp","href":"https:\/\/api.w.org\/{rel}","templated":true}]}}