{"id":25035,"date":"2022-08-11T15:39:05","date_gmt":"2022-08-11T19:39:05","guid":{"rendered":"https:\/\/spence-chapin.org\/?post_type=product&#038;p=25035"},"modified":"2025-08-20T17:16:42","modified_gmt":"2025-08-20T21:16:42","slug":"acuerdo-de-contrato-de-adopcion-posterior-a-la-adopcion-paca-counseling","status":"publish","type":"product","link":"https:\/\/spence-chapin.org\/es\/product\/post-adoption-contract-agreement-paca-counseling\/","title":{"rendered":"Asesoramiento sobre el contrato de adopci\u00f3n post adopci\u00f3n (PACA)"},"content":{"rendered":"<p><em>*Todos los pagos con tarjeta de cr\u00e9dito o d\u00e9bito estar\u00e1n sujetos a una tarifa de procesamiento de 2,91 TP3T. Los clientes siempre pueden pagar con cheque o giro postal para no incurrir en esta tarifa.<\/em><\/p>","protected":false},"excerpt":{"rendered":"<p>*Todos los pagos con tarjeta de cr\u00e9dito o d\u00e9bito estar\u00e1n sujetos a una tarifa de procesamiento de 2,91 TP3T. Los clientes siempre pueden pagar con cheque o giro postal para no incurrir en esta tarifa.<\/p>","protected":false},"featured_media":0,"template":"","meta":{"_acf_changed":false,"give_campaign_id":0},"product_brand":[],"product_cat":[5881],"product_tag":[4866,4867,4865,4864],"class_list":{"0":"post-25035","1":"product","2":"type-product","3":"status-publish","5":"product_cat-test","6":"product_tag-adoption","7":"product_tag-fee","8":"product_tag-paca","9":"product_tag-pps","11":"first","12":"instock","13":"shipping-taxable","14":"purchasable","15":"product-type-simple"},"exclude_global_add_ons":false,"addons":[{"name":"Spence-Chapin Swag","type":"multiple_choice","position":0,"required":true,"title_format":"label","default":"","description_enable":false,"description":"","placeholder_enable":false,"placeholder":"","display":"radiobutton","restrictions_type":"any_text","adjust_price":false,"price":"","price_type":"flat_fee","restrictions":false,"min":"0","max":"0","options":[{"label":"Fanny Pack","price":"","price_type":"flat_fee","image":0,"visibility":true},{"label":"T-Shirt","price":"","price_type":"flat_fee","image":0,"visibility":true},{"label":"Tote Bag","price":"","price_type":"flat_fee","image":0,"visibility":true}]},{"name":"Credit or Debit","type":"multiple_choice","position":0,"required":true,"title_format":"label","default":"","description_enable":false,"description":"","placeholder_enable":false,"placeholder":"","display":"radiobutton","restrictions_type":"any_text","adjust_price":false,"price":"","price_type":"flat_fee","restrictions":false,"min":"0","max":"0","options":[{"label":"Processing Fee","price":"2.9","price_type":"percentage_based","image":0,"visibility":true}]}],"acf":[],"yoast_head":"<!-- This site is optimized with the Yoast SEO plugin v27.4 - https:\/\/yoast.com\/product\/yoast-seo-wordpress\/ -->\n<title>Post-adoption Contract Agreement (PACA) Counseling - Spence-Chapin<\/title>\n<meta name=\"robots\" content=\"noindex, follow\" \/>\n<meta property=\"og:locale\" content=\"es_MX\" \/>\n<meta property=\"og:type\" content=\"article\" \/>\n<meta property=\"og:title\" content=\"Post-adoption Contract Agreement (PACA) Counseling - Spence-Chapin\" \/>\n<meta property=\"og:description\" content=\"*Any credit or debit card payments will be subject to a 2.9% processing fee. Clients may always pay via check or money order to not incur this fee.\" \/>\n<meta property=\"og:url\" content=\"https:\/\/spence-chapin.org\/es\/producto\/acuerdo-de-contrato-de-adopcion-posterior-a-la-adopcion-paca-counseling\/\" \/>\n<meta property=\"og:site_name\" content=\"Spence-Chapin\" \/>\n<meta property=\"article:modified_time\" content=\"2025-08-20T21:16:42+00:00\" \/>\n<meta name=\"twitter:card\" content=\"summary_large_image\" \/>\n<meta name=\"twitter:label1\" content=\"Tiempo de lectura\" \/>\n\t<meta name=\"twitter:data1\" content=\"1 minuto\" \/>\n<!-- \/ Yoast SEO plugin. -->","yoast_head_json":{"title":"Asesoramiento sobre el contrato de adopci\u00f3n posterior (PACA) - Spence-Chapin","robots":{"index":"noindex","follow":"follow"},"og_locale":"es_MX","og_type":"article","og_title":"Post-adoption Contract Agreement (PACA) Counseling - Spence-Chapin","og_description":"*Any credit or debit card payments will be subject to a 2.9% processing fee. Clients may always pay via check or money order to not incur this fee.","og_url":"https:\/\/spence-chapin.org\/es\/producto\/acuerdo-de-contrato-de-adopcion-posterior-a-la-adopcion-paca-counseling\/","og_site_name":"Spence-Chapin","article_modified_time":"2025-08-20T21:16:42+00:00","twitter_card":"summary_large_image","twitter_misc":{"Tiempo de lectura":"1 minuto"},"schema":{"@context":"https:\/\/schema.org","@graph":[{"@type":"WebPage","@id":"https:\/\/spence-chapin.org\/product\/post-adoption-contract-agreement-paca-counseling\/","url":"https:\/\/spence-chapin.org\/product\/post-adoption-contract-agreement-paca-counseling\/","name":"Asesoramiento sobre el contrato de adopci\u00f3n posterior (PACA) - Spence-Chapin","isPartOf":{"@id":"https:\/\/spence-chapin.org\/#website"},"datePublished":"2022-08-11T19:39:05+00:00","dateModified":"2025-08-20T21:16:42+00:00","breadcrumb":{"@id":"https:\/\/spence-chapin.org\/product\/post-adoption-contract-agreement-paca-counseling\/#breadcrumb"},"inLanguage":"es","potentialAction":[{"@type":"ReadAction","target":["https:\/\/spence-chapin.org\/product\/post-adoption-contract-agreement-paca-counseling\/"]}]},{"@type":"BreadcrumbList","@id":"https:\/\/spence-chapin.org\/product\/post-adoption-contract-agreement-paca-counseling\/#breadcrumb","itemListElement":[{"@type":"ListItem","position":1,"name":"Home","item":"https:\/\/spence-chapin.org\/"},{"@type":"ListItem","position":2,"name":"Private: Shop","item":"https:\/\/spence-chapin.org\/?page_id=2079"},{"@type":"ListItem","position":3,"name":"Post-adoption Contract Agreement (PACA) Counseling"}]},{"@type":"WebSite","@id":"https:\/\/spence-chapin.org\/#website","url":"https:\/\/spence-chapin.org\/","name":"Spence-Chapin","description":"Servicios para familias y ni\u00f1os","publisher":{"@id":"https:\/\/spence-chapin.org\/#organization"},"potentialAction":[{"@type":"SearchAction","target":{"@type":"EntryPoint","urlTemplate":"https:\/\/spence-chapin.org\/?s={search_term_string}"},"query-input":{"@type":"PropertyValueSpecification","valueRequired":true,"valueName":"search_term_string"}}],"inLanguage":"es"},{"@type":"Organization","@id":"https:\/\/spence-chapin.org\/#organization","name":"Spence-Chapin","url":"https:\/\/spence-chapin.org\/","logo":{"@type":"ImageObject","inLanguage":"es","@id":"https:\/\/spence-chapin.org\/#\/schema\/logo\/image\/","url":"https:\/\/spence-chapin.org\/wp-content\/uploads\/2019\/10\/SC_logo_2019_color-2.png","contentUrl":"https:\/\/spence-chapin.org\/wp-content\/uploads\/2019\/10\/SC_logo_2019_color-2.png","width":273,"height":42,"caption":"Spence-Chapin"},"image":{"@id":"https:\/\/spence-chapin.org\/#\/schema\/logo\/image\/"}}]}},"_links":{"self":[{"href":"https:\/\/spence-chapin.org\/es\/wp-json\/wp\/v2\/product\/25035","targetHints":{"allow":["GET"]}}],"collection":[{"href":"https:\/\/spence-chapin.org\/es\/wp-json\/wp\/v2\/product"}],"about":[{"href":"https:\/\/spence-chapin.org\/es\/wp-json\/wp\/v2\/types\/product"}],"wp:attachment":[{"href":"https:\/\/spence-chapin.org\/es\/wp-json\/wp\/v2\/media?parent=25035"}],"wp:term":[{"taxonomy":"product_brand","embeddable":true,"href":"https:\/\/spence-chapin.org\/es\/wp-json\/wp\/v2\/product_brand?post=25035"},{"taxonomy":"product_cat","embeddable":true,"href":"https:\/\/spence-chapin.org\/es\/wp-json\/wp\/v2\/product_cat?post=25035"},{"taxonomy":"product_tag","embeddable":true,"href":"https:\/\/spence-chapin.org\/es\/wp-json\/wp\/v2\/product_tag?post=25035"}],"curies":[{"name":"wp","href":"https:\/\/api.w.org\/{rel}","templated":true}]}}