{"id":34545,"date":"2024-04-23T14:02:07","date_gmt":"2024-04-23T18:02:07","guid":{"rendered":"https:\/\/spence-chapin.org\/?post_type=product&#038;p=34545"},"modified":"2024-04-23T14:05:36","modified_gmt":"2024-04-23T18:05:36","slug":"prueba-de-inscripcion-para-grupos-de-juego-de-ninos-unicamente","status":"publish","type":"product","link":"https:\/\/spence-chapin.org\/es\/product\/childrens-playgroups-registration-test-only\/","title":{"rendered":"*PRUEBA* Inscripci\u00f3n a grupos de juego infantiles"},"content":{"rendered":"<p class=\"p1\">Spence-Chapin sabe lo importante que es la comunidad para las familias. Por eso tenemos programaci\u00f3n comunitaria para todas las edades. Nuestros grupos de juego infantiles son para ni\u00f1os de 0 a 10 a\u00f1os. Bagels &amp; Blox y Play Cafe brindan espacios para que los j\u00f3venes adoptados y sus padres se re\u00fanan con otras familias, se diviertan y establezcan nuevas conexiones.<\/p>\n<p>La membres\u00eda a nuestros grupos de juego para ni\u00f1os es para toda la familia e incluye la admisi\u00f3n a todas las sesiones de ambos grupos de juego, acceso a nuestro grupo de padres y una sesi\u00f3n gratuita de entrenamiento para padres o familia en cualquier momento durante el a\u00f1o para aquellos que se registran por a\u00f1o o por semestre.<\/p>\n<p>Las familias pueden registrar m\u00e1s de un ni\u00f1o calificado por grupo de juego, por semestre o sesi\u00f3n.<\/p>","protected":false},"excerpt":{"rendered":"<p>Registration to Spence-Chapin Children&#8217;s Playgroups (Bagels &amp; Blox \/ Play Cafe)<\/p>","protected":false},"featured_media":24673,"template":"","meta":{"_acf_changed":false,"give_campaign_id":0},"product_brand":[],"product_cat":[5795,4860],"product_tag":[],"class_list":{"0":"post-34545","1":"product","2":"type-product","3":"status-publish","4":"has-post-thumbnail","6":"product_cat-children-playgroups","7":"product_cat-pre-post-adoption","9":"first","10":"instock","11":"shipping-taxable","12":"product-type-variable"},"exclude_global_add_ons":false,"addons":[{"name":"Number of Qualifying Children - Bagels & Blox","type":"input_multiplier","position":0,"required":false,"title_format":"label","default":"","description_enable":true,"description":"Indique la cantidad de ni\u00f1os de su familia que participar\u00e1n en Bagels &amp; Blox (de 0 a 5 a\u00f1os).","placeholder_enable":false,"placeholder":"","display":"select","restrictions_type":"any_text","adjust_price":true,"price":"","price_type":"flat_fee","restrictions":false,"min":"0","max":"10","options":[]},{"name":"Number of Qualifying Children - Play Cafe","type":"input_multiplier","position":1,"required":false,"title_format":"label","default":"","description_enable":true,"description":"Indique la cantidad de ni\u00f1os de su familia que participar\u00e1n en Play Caf\u00e9 (de 6 a 9 a\u00f1os).","placeholder_enable":false,"placeholder":"","display":"select","restrictions_type":"any_text","adjust_price":false,"price":"","price_type":"flat_fee","restrictions":false,"min":"0","max":"10","options":[]},{"name":"Nombre y edad del ni\u00f1o\/s","type":"custom_textarea","position":2,"required":true,"title_format":"label","default":"","description_enable":true,"description":"Agregue los nombres y edades de todos y cada uno de los ni\u00f1os que participan.","placeholder_enable":false,"placeholder":"","display":"select","restrictions_type":"any_text","adjust_price":false,"price":"","price_type":"flat_fee","restrictions":false,"min":"0","max":"0","options":[]},{"name":"Spence-Chapin Swag","type":"multiple_choice","position":0,"required":true,"title_format":"label","default":"","description_enable":false,"description":"","placeholder_enable":false,"placeholder":"","display":"radiobutton","restrictions_type":"any_text","adjust_price":false,"price":"","price_type":"flat_fee","restrictions":false,"min":"0","max":"0","options":[{"label":"Fanny Pack","price":"","price_type":"flat_fee","image":0,"visibility":true},{"label":"T-Shirt","price":"","price_type":"flat_fee","image":0,"visibility":true},{"label":"Tote Bag","price":"","price_type":"flat_fee","image":0,"visibility":true}]}],"acf":[],"yoast_head":"<!-- This site is optimized with the Yoast SEO plugin v27.2 - https:\/\/yoast.com\/product\/yoast-seo-wordpress\/ -->\n<title>*TEST* Children&#039;s Playgroups Registration - Spence-Chapin<\/title>\n<meta name=\"robots\" content=\"noindex, follow\" \/>\n<meta property=\"og:locale\" content=\"es_MX\" \/>\n<meta property=\"og:type\" content=\"article\" \/>\n<meta property=\"og:title\" content=\"*TEST* Children&#039;s Playgroups Registration - Spence-Chapin\" \/>\n<meta property=\"og:description\" content=\"Registration to Spence-Chapin Children&#039;s Playgroups (Bagels &amp; Blox \/ Play Cafe)\" \/>\n<meta property=\"og:url\" content=\"https:\/\/spence-chapin.org\/es\/producto\/prueba-de-inscripcion-para-grupos-de-juego-de-ninos-unicamente\/\" \/>\n<meta property=\"og:site_name\" content=\"Spence-Chapin\" \/>\n<meta property=\"article:modified_time\" content=\"2024-04-23T18:05:36+00:00\" \/>\n<meta property=\"og:image\" content=\"https:\/\/spence-chapin.org\/wp-content\/uploads\/2022\/08\/1.png\" \/>\n\t<meta property=\"og:image:width\" content=\"1283\" \/>\n\t<meta property=\"og:image:height\" content=\"924\" \/>\n\t<meta property=\"og:image:type\" content=\"image\/png\" \/>\n<meta name=\"twitter:card\" content=\"summary_large_image\" \/>\n<meta name=\"twitter:label1\" content=\"Tiempo de lectura\" \/>\n\t<meta name=\"twitter:data1\" content=\"1 minuto\" \/>\n<!-- \/ Yoast SEO plugin. -->","yoast_head_json":{"title":"*TEST* Children's Playgroups Registration - Spence-Chapin","robots":{"index":"noindex","follow":"follow"},"og_locale":"es_MX","og_type":"article","og_title":"*TEST* Children's Playgroups Registration - Spence-Chapin","og_description":"Registration to Spence-Chapin Children's Playgroups (Bagels &amp; Blox \/ Play Cafe)","og_url":"https:\/\/spence-chapin.org\/es\/producto\/prueba-de-inscripcion-para-grupos-de-juego-de-ninos-unicamente\/","og_site_name":"Spence-Chapin","article_modified_time":"2024-04-23T18:05:36+00:00","og_image":[{"width":1283,"height":924,"url":"https:\/\/spence-chapin.org\/wp-content\/uploads\/2022\/08\/1.png","type":"image\/png"}],"twitter_card":"summary_large_image","twitter_misc":{"Tiempo de lectura":"1 minuto"},"schema":{"@context":"https:\/\/schema.org","@graph":[{"@type":"WebPage","@id":"https:\/\/spence-chapin.org\/product\/childrens-playgroups-registration-test-only\/","url":"https:\/\/spence-chapin.org\/product\/childrens-playgroups-registration-test-only\/","name":"*TEST* Children's Playgroups Registration - Spence-Chapin","isPartOf":{"@id":"https:\/\/spence-chapin.org\/#website"},"primaryImageOfPage":{"@id":"https:\/\/spence-chapin.org\/product\/childrens-playgroups-registration-test-only\/#primaryimage"},"image":{"@id":"https:\/\/spence-chapin.org\/product\/childrens-playgroups-registration-test-only\/#primaryimage"},"thumbnailUrl":"https:\/\/spence-chapin.org\/wp-content\/uploads\/2022\/08\/1.png","datePublished":"2024-04-23T18:02:07+00:00","dateModified":"2024-04-23T18:05:36+00:00","breadcrumb":{"@id":"https:\/\/spence-chapin.org\/product\/childrens-playgroups-registration-test-only\/#breadcrumb"},"inLanguage":"es","potentialAction":[{"@type":"ReadAction","target":["https:\/\/spence-chapin.org\/product\/childrens-playgroups-registration-test-only\/"]}]},{"@type":"ImageObject","inLanguage":"es","@id":"https:\/\/spence-chapin.org\/product\/childrens-playgroups-registration-test-only\/#primaryimage","url":"https:\/\/spence-chapin.org\/wp-content\/uploads\/2022\/08\/1.png","contentUrl":"https:\/\/spence-chapin.org\/wp-content\/uploads\/2022\/08\/1.png","width":1283,"height":924,"caption":"1"},{"@type":"BreadcrumbList","@id":"https:\/\/spence-chapin.org\/product\/childrens-playgroups-registration-test-only\/#breadcrumb","itemListElement":[{"@type":"ListItem","position":1,"name":"Home","item":"https:\/\/spence-chapin.org\/"},{"@type":"ListItem","position":2,"name":"Private: Shop","item":"https:\/\/spence-chapin.org\/?page_id=2079"},{"@type":"ListItem","position":3,"name":"*TEST* Children&#8217;s Playgroups Registration"}]},{"@type":"WebSite","@id":"https:\/\/spence-chapin.org\/#website","url":"https:\/\/spence-chapin.org\/","name":"Spence-Chapin","description":"Servicios para familias y ni\u00f1os","publisher":{"@id":"https:\/\/spence-chapin.org\/#organization"},"potentialAction":[{"@type":"SearchAction","target":{"@type":"EntryPoint","urlTemplate":"https:\/\/spence-chapin.org\/?s={search_term_string}"},"query-input":{"@type":"PropertyValueSpecification","valueRequired":true,"valueName":"search_term_string"}}],"inLanguage":"es"},{"@type":"Organization","@id":"https:\/\/spence-chapin.org\/#organization","name":"Spence-Chapin","url":"https:\/\/spence-chapin.org\/","logo":{"@type":"ImageObject","inLanguage":"es","@id":"https:\/\/spence-chapin.org\/#\/schema\/logo\/image\/","url":"https:\/\/spence-chapin.org\/wp-content\/uploads\/2019\/10\/SC_logo_2019_color-2.png","contentUrl":"https:\/\/spence-chapin.org\/wp-content\/uploads\/2019\/10\/SC_logo_2019_color-2.png","width":273,"height":42,"caption":"Spence-Chapin"},"image":{"@id":"https:\/\/spence-chapin.org\/#\/schema\/logo\/image\/"}}]}},"_links":{"self":[{"href":"https:\/\/spence-chapin.org\/es\/wp-json\/wp\/v2\/product\/34545","targetHints":{"allow":["GET"]}}],"collection":[{"href":"https:\/\/spence-chapin.org\/es\/wp-json\/wp\/v2\/product"}],"about":[{"href":"https:\/\/spence-chapin.org\/es\/wp-json\/wp\/v2\/types\/product"}],"wp:featuredmedia":[{"embeddable":true,"href":"https:\/\/spence-chapin.org\/es\/wp-json\/wp\/v2\/media\/24673"}],"wp:attachment":[{"href":"https:\/\/spence-chapin.org\/es\/wp-json\/wp\/v2\/media?parent=34545"}],"wp:term":[{"taxonomy":"product_brand","embeddable":true,"href":"https:\/\/spence-chapin.org\/es\/wp-json\/wp\/v2\/product_brand?post=34545"},{"taxonomy":"product_cat","embeddable":true,"href":"https:\/\/spence-chapin.org\/es\/wp-json\/wp\/v2\/product_cat?post=34545"},{"taxonomy":"product_tag","embeddable":true,"href":"https:\/\/spence-chapin.org\/es\/wp-json\/wp\/v2\/product_tag?post=34545"}],"curies":[{"name":"wp","href":"https:\/\/api.w.org\/{rel}","templated":true}]}}