{"id":35321,"date":"2024-07-24T11:12:31","date_gmt":"2024-07-24T15:12:31","guid":{"rendered":"https:\/\/spence-chapin.org\/?post_type=product&#038;p=35321"},"modified":"2024-08-20T12:42:43","modified_gmt":"2024-08-20T16:42:43","slug":"weimar","status":"publish","type":"product","link":"https:\/\/spence-chapin.org\/es\/product\/weimar\/","title":{"rendered":"Weimar"},"content":{"rendered":"","protected":false},"excerpt":{"rendered":"","protected":false},"featured_media":35322,"template":"","meta":{"_acf_changed":false,"give_campaign_id":0},"product_brand":[],"product_cat":[5859],"product_tag":[],"class_list":{"0":"post-35321","1":"product","2":"type-product","3":"status-publish","4":"has-post-thumbnail","6":"product_cat-dear-future","8":"first","9":"instock","10":"shipping-taxable","11":"purchasable","12":"product-type-simple"},"exclude_global_add_ons":false,"addons":[{"name":"Env\u00edo","type":"multiple_choice","position":0,"required":true,"title_format":"label","default":"","description_enable":false,"description":"The Dear Future Art Print is available for pick-up at our headquarters in Union Square, Manhattan. If you\u2019d like us to ship it to you, please add this flat rate shipping fee and include your shipping address in the comments during check-out. We can ship to you anywhere in the continental United States. For outside of this area, please contact us directly at events@spence-chapin.org.\r\n\r\nFor pick up orders, we will contact you when your box is ready!","placeholder_enable":false,"placeholder":"","display":"select","restrictions_type":"any_text","adjust_price":false,"price":"","price_type":"flat_fee","restrictions":false,"min":"0","max":"0","options":[{"label":"Shipping","price":"10","price_type":"flat_fee","image":0,"visibility":true},{"label":"Pick-up","price":"","price_type":"flat_fee","image":0,"visibility":true}]},{"name":"Spence-Chapin Swag","type":"multiple_choice","position":0,"required":true,"title_format":"label","default":"","description_enable":false,"description":"","placeholder_enable":false,"placeholder":"","display":"radiobutton","restrictions_type":"any_text","adjust_price":false,"price":"","price_type":"flat_fee","restrictions":false,"min":"0","max":"0","options":[{"label":"Fanny Pack","price":"","price_type":"flat_fee","image":0,"visibility":true},{"label":"T-Shirt","price":"","price_type":"flat_fee","image":0,"visibility":true},{"label":"Tote Bag","price":"","price_type":"flat_fee","image":0,"visibility":true}]}],"acf":[],"yoast_head":"<!-- This site is optimized with the Yoast SEO plugin v27.4 - https:\/\/yoast.com\/product\/yoast-seo-wordpress\/ -->\n<title>Weimar - Spence-Chapin<\/title>\n<meta name=\"description\" content=\"Your purchase today helps supports that movement. It shows the world that supporting the dreams and futures of children living in orphanages not only matters\u2014it makes the world a better place. Prints are 11\u2033 x 17\u2033. Prints can be shipped or picked up at our Union Square, Manhattan office. If you\u2019re shipping your print, you only need to select the \u201cshipping\u201d add-on once. If you are picking up, we will contact you when your print is ready!\" \/>\n<meta name=\"robots\" content=\"noindex, follow\" \/>\n<meta property=\"og:locale\" content=\"es_MX\" \/>\n<meta property=\"og:type\" content=\"article\" \/>\n<meta property=\"og:title\" content=\"Weimar - Spence-Chapin\" \/>\n<meta property=\"og:description\" content=\"Your purchase today helps supports that movement. It shows the world that supporting the dreams and futures of children living in orphanages not only matters\u2014it makes the world a better place. Prints are 11\u2033 x 17\u2033. Prints can be shipped or picked up at our Union Square, Manhattan office. If you\u2019re shipping your print, you only need to select the \u201cshipping\u201d add-on once. If you are picking up, we will contact you when your print is ready!\" \/>\n<meta property=\"og:url\" content=\"https:\/\/spence-chapin.org\/es\/producto\/weimar\/\" \/>\n<meta property=\"og:site_name\" content=\"Spence-Chapin\" \/>\n<meta property=\"article:modified_time\" content=\"2024-08-20T16:42:43+00:00\" \/>\n<meta property=\"og:image\" content=\"https:\/\/spence-chapin.org\/wp-content\/uploads\/2024\/07\/Weimar.png\" \/>\n\t<meta property=\"og:image:width\" content=\"1643\" \/>\n\t<meta property=\"og:image:height\" content=\"924\" \/>\n\t<meta property=\"og:image:type\" content=\"image\/png\" \/>\n<meta name=\"twitter:card\" content=\"summary_large_image\" \/>\n<meta name=\"twitter:label1\" content=\"Tiempo de lectura\" \/>\n\t<meta name=\"twitter:data1\" content=\"1 minuto\" \/>\n<!-- \/ Yoast SEO plugin. -->","yoast_head_json":{"title":"Weimar - Spence Chapin","description":"Tu compra de hoy ayuda a apoyar ese movimiento. Demuestra al mundo que apoyar los sue\u00f1os y el futuro de los ni\u00f1os que viven en orfanatos no solo es importante, sino que tambi\u00e9n hace del mundo un lugar mejor. Las impresiones miden 28 x 43 cm. Las impresiones se pueden enviar o retirar en nuestra oficina de Union Square, Manhattan. Si env\u00edas tu impresi\u00f3n, solo tienes que seleccionar el complemento de &quot;env\u00edo&quot; una vez. Si la retiras, nos comunicaremos contigo cuando tu impresi\u00f3n est\u00e9 lista.","robots":{"index":"noindex","follow":"follow"},"og_locale":"es_MX","og_type":"article","og_title":"Weimar - Spence-Chapin","og_description":"Your purchase today helps supports that movement. It shows the world that supporting the dreams and futures of children living in orphanages not only matters\u2014it makes the world a better place. Prints are 11\u2033 x 17\u2033. Prints can be shipped or picked up at our Union Square, Manhattan office. If you\u2019re shipping your print, you only need to select the \u201cshipping\u201d add-on once. If you are picking up, we will contact you when your print is ready!","og_url":"https:\/\/spence-chapin.org\/es\/producto\/weimar\/","og_site_name":"Spence-Chapin","article_modified_time":"2024-08-20T16:42:43+00:00","og_image":[{"width":1643,"height":924,"url":"https:\/\/spence-chapin.org\/wp-content\/uploads\/2024\/07\/Weimar.png","type":"image\/png"}],"twitter_card":"summary_large_image","twitter_misc":{"Tiempo de lectura":"1 minuto"},"schema":{"@context":"https:\/\/schema.org","@graph":[{"@type":"WebPage","@id":"https:\/\/spence-chapin.org\/product\/weimar\/","url":"https:\/\/spence-chapin.org\/product\/weimar\/","name":"Weimar - Spence Chapin","isPartOf":{"@id":"https:\/\/spence-chapin.org\/#website"},"primaryImageOfPage":{"@id":"https:\/\/spence-chapin.org\/product\/weimar\/#primaryimage"},"image":{"@id":"https:\/\/spence-chapin.org\/product\/weimar\/#primaryimage"},"thumbnailUrl":"https:\/\/spence-chapin.org\/wp-content\/uploads\/2024\/07\/Weimar.png","datePublished":"2024-07-24T15:12:31+00:00","dateModified":"2024-08-20T16:42:43+00:00","description":"Tu compra de hoy ayuda a apoyar ese movimiento. Demuestra al mundo que apoyar los sue\u00f1os y el futuro de los ni\u00f1os que viven en orfanatos no solo es importante, sino que tambi\u00e9n hace del mundo un lugar mejor. Las impresiones miden 28 x 43 cm. Las impresiones se pueden enviar o retirar en nuestra oficina de Union Square, Manhattan. Si env\u00edas tu impresi\u00f3n, solo tienes que seleccionar el complemento de &quot;env\u00edo&quot; una vez. Si la retiras, nos comunicaremos contigo cuando tu impresi\u00f3n est\u00e9 lista.","breadcrumb":{"@id":"https:\/\/spence-chapin.org\/product\/weimar\/#breadcrumb"},"inLanguage":"es","potentialAction":[{"@type":"ReadAction","target":["https:\/\/spence-chapin.org\/product\/weimar\/"]}]},{"@type":"ImageObject","inLanguage":"es","@id":"https:\/\/spence-chapin.org\/product\/weimar\/#primaryimage","url":"https:\/\/spence-chapin.org\/wp-content\/uploads\/2024\/07\/Weimar.png","contentUrl":"https:\/\/spence-chapin.org\/wp-content\/uploads\/2024\/07\/Weimar.png","width":1643,"height":924,"caption":"Weimar"},{"@type":"BreadcrumbList","@id":"https:\/\/spence-chapin.org\/product\/weimar\/#breadcrumb","itemListElement":[{"@type":"ListItem","position":1,"name":"Home","item":"https:\/\/spence-chapin.org\/"},{"@type":"ListItem","position":2,"name":"Private: Shop","item":"https:\/\/spence-chapin.org\/?page_id=2079"},{"@type":"ListItem","position":3,"name":"Weimar"}]},{"@type":"WebSite","@id":"https:\/\/spence-chapin.org\/#website","url":"https:\/\/spence-chapin.org\/","name":"Spence-Chapin","description":"Servicios para familias y ni\u00f1os","publisher":{"@id":"https:\/\/spence-chapin.org\/#organization"},"potentialAction":[{"@type":"SearchAction","target":{"@type":"EntryPoint","urlTemplate":"https:\/\/spence-chapin.org\/?s={search_term_string}"},"query-input":{"@type":"PropertyValueSpecification","valueRequired":true,"valueName":"search_term_string"}}],"inLanguage":"es"},{"@type":"Organization","@id":"https:\/\/spence-chapin.org\/#organization","name":"Spence-Chapin","url":"https:\/\/spence-chapin.org\/","logo":{"@type":"ImageObject","inLanguage":"es","@id":"https:\/\/spence-chapin.org\/#\/schema\/logo\/image\/","url":"https:\/\/spence-chapin.org\/wp-content\/uploads\/2019\/10\/SC_logo_2019_color-2.png","contentUrl":"https:\/\/spence-chapin.org\/wp-content\/uploads\/2019\/10\/SC_logo_2019_color-2.png","width":273,"height":42,"caption":"Spence-Chapin"},"image":{"@id":"https:\/\/spence-chapin.org\/#\/schema\/logo\/image\/"}}]}},"_links":{"self":[{"href":"https:\/\/spence-chapin.org\/es\/wp-json\/wp\/v2\/product\/35321","targetHints":{"allow":["GET"]}}],"collection":[{"href":"https:\/\/spence-chapin.org\/es\/wp-json\/wp\/v2\/product"}],"about":[{"href":"https:\/\/spence-chapin.org\/es\/wp-json\/wp\/v2\/types\/product"}],"wp:featuredmedia":[{"embeddable":true,"href":"https:\/\/spence-chapin.org\/es\/wp-json\/wp\/v2\/media\/35322"}],"wp:attachment":[{"href":"https:\/\/spence-chapin.org\/es\/wp-json\/wp\/v2\/media?parent=35321"}],"wp:term":[{"taxonomy":"product_brand","embeddable":true,"href":"https:\/\/spence-chapin.org\/es\/wp-json\/wp\/v2\/product_brand?post=35321"},{"taxonomy":"product_cat","embeddable":true,"href":"https:\/\/spence-chapin.org\/es\/wp-json\/wp\/v2\/product_cat?post=35321"},{"taxonomy":"product_tag","embeddable":true,"href":"https:\/\/spence-chapin.org\/es\/wp-json\/wp\/v2\/product_tag?post=35321"}],"curies":[{"name":"wp","href":"https:\/\/api.w.org\/{rel}","templated":true}]}}