{"id":8716,"date":"2019-12-11T05:39:58","date_gmt":"2019-12-10T17:39:58","guid":{"rendered":"https:\/\/spence-chapin.org\/?post_type=product&#038;p=8716"},"modified":"2025-12-23T16:52:43","modified_gmt":"2025-12-23T21:52:43","slug":"estudio-en-casa-internacional-segunda-parte","status":"publish","type":"product","link":"https:\/\/spence-chapin.org\/es\/product\/international-home-study-installment-2\/","title":{"rendered":"Cuota de estudio de vivienda internacional 2"},"content":{"rendered":"<p>Based on round-trip mileage from Spence-Chapin\u2019s office; these fees are reflective of staff time spent in transit as well as mileage.<\/p>\n<p><span dir=\"ltr\" role=\"presentation\">Under 25 miles: $0<\/span><br role=\"presentation\" \/><span dir=\"ltr\" role=\"presentation\">25-49 miles: $75<\/span><br role=\"presentation\" \/><span dir=\"ltr\" role=\"presentation\">50-74 miles: $125<\/span><br role=\"presentation\" \/><span dir=\"ltr\" role=\"presentation\">75-99 miles: $175<\/span><br role=\"presentation\" \/><span dir=\"ltr\" role=\"presentation\">100-124 miles: $225<\/span><br role=\"presentation\" \/><span dir=\"ltr\" role=\"presentation\">1<\/span><span dir=\"ltr\" role=\"presentation\">25-149 miles: $275<\/span><br role=\"presentation\" \/><span dir=\"ltr\" role=\"presentation\">150-174 miles: $325<\/span><br role=\"presentation\" \/><span dir=\"ltr\" role=\"presentation\">175-200 miles: $375<\/span><\/p>\n<p><em>*Cualquier pago con tarjeta de cr\u00e9dito o d\u00e9bito estar\u00e1 sujeto a una tarifa de procesamiento de 2.9%. Los clientes siempre pueden pagar mediante cheque o giro postal para no incurrir en este cargo.<\/em><\/p>","protected":false},"excerpt":{"rendered":"<p>Based on round-trip mileage from Spence-Chapin\u2019s office; these fees are reflective of staff time spent in transit as well as mileage. Under 25 miles: $025-49 miles: $7550-74 miles: $12575-99 miles: $175100-124 miles: $225125-149 miles: $275150-174 miles: $325175-200 miles: $375 *Any credit or debit card payments will be subject to a 2.9% processing fee. Clients may [&hellip;]<\/p>\n","protected":false},"featured_media":0,"template":"","meta":{"_acf_changed":false,"give_campaign_id":0},"product_brand":[],"product_cat":[1000],"product_tag":[],"class_list":{"0":"post-8716","1":"product","2":"type-product","3":"status-publish","5":"product_cat-home-study","7":"first","8":"instock","9":"virtual","10":"purchasable","11":"product-type-simple"},"exclude_global_add_ons":false,"addons":[{"name":"Select miles:","type":"multiple_choice","position":0,"required":true,"title_format":"label","default":"","description_enable":false,"description":"","placeholder_enable":false,"placeholder":"","display":"select","restrictions_type":"any_text","adjust_price":false,"price":"","price_type":"flat_fee","restrictions":false,"min":"0","max":"0","options":[{"label":"Under 25 miles","price":"0","price_type":"flat_fee","image":0,"visibility":true},{"label":"25-49 miles","price":"75","price_type":"flat_fee","image":0,"visibility":true},{"label":"50-74 miles","price":"125","price_type":"flat_fee","image":0,"visibility":true},{"label":"75-99 miles","price":"175","price_type":"flat_fee","image":0,"visibility":true},{"label":"100-124 miles","price":"225","price_type":"flat_fee","image":0,"visibility":true},{"label":"125-149 miles","price":"275","price_type":"flat_fee","image":0,"visibility":true},{"label":"150-174 miles","price":"325","price_type":"flat_fee","image":0,"visibility":true},{"label":"175-200 miles","price":"375","price_type":"flat_fee","image":0,"visibility":true}]},{"name":"Credit or Debit","type":"multiple_choice","position":0,"required":true,"title_format":"label","default":"","description_enable":false,"description":"","placeholder_enable":false,"placeholder":"","display":"radiobutton","restrictions_type":"any_text","adjust_price":false,"price":"","price_type":"flat_fee","restrictions":false,"min":"0","max":"0","options":[{"label":"Processing Fee","price":"2.9","price_type":"percentage_based","image":0,"visibility":true}]},{"name":"Spence-Chapin Swag","type":"multiple_choice","position":0,"required":true,"title_format":"label","default":"","description_enable":false,"description":"","placeholder_enable":false,"placeholder":"","display":"radiobutton","restrictions_type":"any_text","adjust_price":false,"price":"","price_type":"flat_fee","restrictions":false,"min":"0","max":"0","options":[{"label":"Fanny Pack","price":"","price_type":"flat_fee","image":0,"visibility":true},{"label":"T-Shirt","price":"","price_type":"flat_fee","image":0,"visibility":true},{"label":"Tote Bag","price":"","price_type":"flat_fee","image":0,"visibility":true}]}],"acf":[],"yoast_head":"<!-- This site is optimized with the Yoast SEO plugin v27.4 - https:\/\/yoast.com\/product\/yoast-seo-wordpress\/ -->\n<title>International Home Study Installment 2 - Spence-Chapin<\/title>\n<meta name=\"robots\" content=\"noindex, follow\" \/>\n<meta property=\"og:locale\" content=\"es_MX\" \/>\n<meta property=\"og:type\" content=\"article\" \/>\n<meta property=\"og:title\" content=\"International Home Study Installment 2 - Spence-Chapin\" \/>\n<meta property=\"og:description\" content=\"Based on round-trip mileage from Spence-Chapin\u2019s office; these fees are reflective of staff time spent in transit as well as mileage. Under 25 miles: $025-49 miles: $7550-74 miles: $12575-99 miles: $175100-124 miles: $225125-149 miles: $275150-174 miles: $325175-200 miles: $375 *Any credit or debit card payments will be subject to a 2.9% processing fee. Clients may [&hellip;]\" \/>\n<meta property=\"og:url\" content=\"https:\/\/spence-chapin.org\/es\/producto\/estudio-en-casa-internacional-segunda-parte\/\" \/>\n<meta property=\"og:site_name\" content=\"Spence-Chapin\" \/>\n<meta property=\"article:modified_time\" content=\"2025-12-23T21:52:43+00:00\" \/>\n<meta name=\"twitter:card\" content=\"summary_large_image\" \/>\n<meta name=\"twitter:label1\" content=\"Tiempo de lectura\" \/>\n\t<meta name=\"twitter:data1\" content=\"1 minuto\" \/>\n<!-- \/ Yoast SEO plugin. -->","yoast_head_json":{"title":"Estudio en casa internacional, segunda parte: Spence-Chapin","robots":{"index":"noindex","follow":"follow"},"og_locale":"es_MX","og_type":"article","og_title":"International Home Study Installment 2 - Spence-Chapin","og_description":"Based on round-trip mileage from Spence-Chapin\u2019s office; these fees are reflective of staff time spent in transit as well as mileage. Under 25 miles: $025-49 miles: $7550-74 miles: $12575-99 miles: $175100-124 miles: $225125-149 miles: $275150-174 miles: $325175-200 miles: $375 *Any credit or debit card payments will be subject to a 2.9% processing fee. Clients may [&hellip;]","og_url":"https:\/\/spence-chapin.org\/es\/producto\/estudio-en-casa-internacional-segunda-parte\/","og_site_name":"Spence-Chapin","article_modified_time":"2025-12-23T21:52:43+00:00","twitter_card":"summary_large_image","twitter_misc":{"Tiempo de lectura":"1 minuto"},"schema":{"@context":"https:\/\/schema.org","@graph":[{"@type":"WebPage","@id":"https:\/\/spence-chapin.org\/product\/international-home-study-installment-2\/","url":"https:\/\/spence-chapin.org\/product\/international-home-study-installment-2\/","name":"Estudio en casa internacional, segunda parte: Spence-Chapin","isPartOf":{"@id":"https:\/\/spence-chapin.org\/#website"},"datePublished":"2019-12-10T17:39:58+00:00","dateModified":"2025-12-23T21:52:43+00:00","breadcrumb":{"@id":"https:\/\/spence-chapin.org\/product\/international-home-study-installment-2\/#breadcrumb"},"inLanguage":"es","potentialAction":[{"@type":"ReadAction","target":["https:\/\/spence-chapin.org\/product\/international-home-study-installment-2\/"]}]},{"@type":"BreadcrumbList","@id":"https:\/\/spence-chapin.org\/product\/international-home-study-installment-2\/#breadcrumb","itemListElement":[{"@type":"ListItem","position":1,"name":"Home","item":"https:\/\/spence-chapin.org\/"},{"@type":"ListItem","position":2,"name":"Private: Shop","item":"https:\/\/spence-chapin.org\/?page_id=2079"},{"@type":"ListItem","position":3,"name":"International Home Study Installment 2"}]},{"@type":"WebSite","@id":"https:\/\/spence-chapin.org\/#website","url":"https:\/\/spence-chapin.org\/","name":"Spence-Chapin","description":"Servicios para familias y ni\u00f1os","publisher":{"@id":"https:\/\/spence-chapin.org\/#organization"},"potentialAction":[{"@type":"SearchAction","target":{"@type":"EntryPoint","urlTemplate":"https:\/\/spence-chapin.org\/?s={search_term_string}"},"query-input":{"@type":"PropertyValueSpecification","valueRequired":true,"valueName":"search_term_string"}}],"inLanguage":"es"},{"@type":"Organization","@id":"https:\/\/spence-chapin.org\/#organization","name":"Spence-Chapin","url":"https:\/\/spence-chapin.org\/","logo":{"@type":"ImageObject","inLanguage":"es","@id":"https:\/\/spence-chapin.org\/#\/schema\/logo\/image\/","url":"https:\/\/spence-chapin.org\/wp-content\/uploads\/2019\/10\/SC_logo_2019_color-2.png","contentUrl":"https:\/\/spence-chapin.org\/wp-content\/uploads\/2019\/10\/SC_logo_2019_color-2.png","width":273,"height":42,"caption":"Spence-Chapin"},"image":{"@id":"https:\/\/spence-chapin.org\/#\/schema\/logo\/image\/"}}]}},"_links":{"self":[{"href":"https:\/\/spence-chapin.org\/es\/wp-json\/wp\/v2\/product\/8716","targetHints":{"allow":["GET"]}}],"collection":[{"href":"https:\/\/spence-chapin.org\/es\/wp-json\/wp\/v2\/product"}],"about":[{"href":"https:\/\/spence-chapin.org\/es\/wp-json\/wp\/v2\/types\/product"}],"wp:attachment":[{"href":"https:\/\/spence-chapin.org\/es\/wp-json\/wp\/v2\/media?parent=8716"}],"wp:term":[{"taxonomy":"product_brand","embeddable":true,"href":"https:\/\/spence-chapin.org\/es\/wp-json\/wp\/v2\/product_brand?post=8716"},{"taxonomy":"product_cat","embeddable":true,"href":"https:\/\/spence-chapin.org\/es\/wp-json\/wp\/v2\/product_cat?post=8716"},{"taxonomy":"product_tag","embeddable":true,"href":"https:\/\/spence-chapin.org\/es\/wp-json\/wp\/v2\/product_tag?post=8716"}],"curies":[{"name":"wp","href":"https:\/\/api.w.org\/{rel}","templated":true}]}}